{"id":262,"date":"2024-05-31T10:03:09","date_gmt":"2024-05-31T10:03:09","guid":{"rendered":"https:\/\/www.galvanotehnika.eu\/?page_id=262"},"modified":"2026-03-09T10:50:08","modified_gmt":"2026-03-09T10:50:08","slug":"splosni-tehnicni-pogoji","status":"publish","type":"page","link":"https:\/\/www.galvanotehnika.eu\/index.php\/splosni-tehnicni-pogoji\/","title":{"rendered":"SPLO\u0160NI IN TEHNI\u010cNI POGOJI"},"content":{"rendered":"<p>[et_pb_section fb_built=&#8221;1&#8243; admin_label=&#8221; Call Us&#8221; _builder_version=&#8221;3.22&#8243; custom_padding=&#8221;20px|0px|20px|0px|true|false&#8221; animation_style=&#8221;slide&#8221; animation_direction=&#8221;top&#8221; animation_intensity_slide=&#8221;10%&#8221; box_shadow_style=&#8221;preset3&#8243; box_shadow_vertical=&#8221;10px&#8221; box_shadow_blur=&#8221;105px&#8221; box_shadow_spread=&#8221;0px&#8221; box_shadow_color=&#8221;rgba(0,0,0,0.12)&#8221; global_colors_info=&#8221;{}&#8221;][et_pb_row _builder_version=&#8221;4.14.8&#8243; _module_preset=&#8221;default&#8221; global_colors_info=&#8221;{}&#8221;][et_pb_column type=&#8221;4_4&#8243; _builder_version=&#8221;4.14.8&#8243; _module_preset=&#8221;default&#8221; global_colors_info=&#8221;{}&#8221;][et_pb_text _builder_version=&#8221;4.14.8&#8243; header_font=&#8221;||||||||&#8221; header_2_font=&#8221;Rubik|700|||||||&#8221; header_2_text_color=&#8221;#1c75bc&#8221; header_2_font_size=&#8221;42px&#8221; header_2_line_height=&#8221;1.2em&#8221; header_4_font=&#8221;Rubik||||||||&#8221; header_4_font_size=&#8221;28px&#8221; header_4_line_height=&#8221;1.4em&#8221; header_2_font_size_tablet=&#8221;&#8221; header_2_font_size_phone=&#8221;36px&#8221; header_2_font_size_last_edited=&#8221;on|phone&#8221; global_colors_info=&#8221;{}&#8221;]<\/p>\n<h2 style=\"text-align: center;\">6SPLO\u0160NI IN TEHNI\u010cNI POGOJI GALVANSKEGA CINKANJA 09\/03\/2026<\/h2>\n<p>[\/et_pb_text][\/et_pb_column][\/et_pb_row][\/et_pb_section][et_pb_section fb_built=&#8221;1&#8243; _builder_version=&#8221;4.14.8&#8243; _module_preset=&#8221;default&#8221; global_colors_info=&#8221;{}&#8221;][et_pb_row _builder_version=&#8221;4.14.8&#8243; _module_preset=&#8221;default&#8221; global_colors_info=&#8221;{}&#8221;][et_pb_column type=&#8221;4_4&#8243; _builder_version=&#8221;4.14.8&#8243; _module_preset=&#8221;default&#8221; global_colors_info=&#8221;{}&#8221;][et_pb_text _builder_version=&#8221;4.14.8&#8243; _module_preset=&#8221;default&#8221; text_font_size=&#8221;17px&#8221; global_colors_info=&#8221;{}&#8221;]<\/p>\n<p>&nbsp;<\/p>\n<p><strong>1. GALVANOTEHNIKA d.o.o<\/strong>. izvaja storitve hladnega cinkanja \u017eeleznih oz. jeklenih elementov, ki so lahko tudi kaljeni oz. povr\u0161insko utrjeni (po standardu ISO 19598).\u00a0<\/p>\n<p><strong>2<\/strong>. Elementi oz. konstrukcije morajo biti pripravljeni v skladu s splo\u0161nimi pogoji na uradni spletni strani podjetja.3. Maksimalna te\u017ea posameznega elementa lahko zna\u0161a 250 kg, maksimalne mo\u017ene dimenzije cinkanja pa so: 2800 x 530 x 1000 (mm).<\/p>\n<p><strong>3. <\/strong>Obdelovance bomo prevzeli le v primeru popolne prevzemne dokumentacije, skladne z na\u0161imi pogoji poslovanja.\u00a0<\/p>\n<p><strong>4.<\/strong> Prevzem ali dostava po\u0161iljk izven urnika 6:00-14:00 (ponedeljek-petek) mora biti predhodno najavljena.<\/p>\n<p><strong>5<\/strong>. Elementi, pripeljani na cinkanje, ne smejo vsebovati na povr\u0161ini ostankov barve, barvnih oznak, nalepk in starih povr\u0161inskih za\u0161\u010dit, prav tako ne varilnih sprejev, olj in ma\u0161\u010dob, ki niso odstranljive v anorganskih razma\u0161\u010devalcih. V kolikor se umazanije vseeno pojavijo, zara\u010dunavamo dodatno \u010di\u0161\u010denje ali dvakratno obdelavo s ciljem, da vam zagotovimo ustrezne izdelke.<\/p>\n<p><strong>6.<\/strong> Pakiranje in zlaganje kosov bo praviloma izvedeno na enak na\u010din kot so bili pripeljani do nas,razen \u010de ni druga\u010de pisno dogovorjeno. Stranka mora zagotoviti \u010disto embala\u017eo, v kolikor zahteva pakiranje, da med transportom, z ostanki na stari embala\u017ei ali med skladi\u0161\u010denjem,<br \/>one\u010di\u0161\u010denje kosa ni mogo\u010de.<\/p>\n<p><strong>7.<\/strong> Malo korodirana povr\u0161ina lahko po obdelavi pusti druga\u010den izgled na tistih mestih. V kolikor so kosi mo\u010dno korodirani, je potrebna dvakratna obdelava, priporo\u010damo pa predhodno peskanje oz. drugo mehansko \u010di\u0161\u010denje.<\/p>\n<p><strong>8.<\/strong> Kon\u010dni izgled povr\u0161ine (sijaj, mat,&#8230;) je v najve\u010dji meri odvisen od stanja surove oz. za\u010detne povr\u0161ine (peskano, stru\u017eeno, bru\u0161eno,&#8230;). Mo\u010dan vpliv ima tudi stanje plo\u010devin (dekapirana, hladno ali toplo valjana,&#8230;). Za povr\u0161ine z dekorativnim namenom naro\u010dite plo\u010devine primerne<br \/>za cinkanje. Plo\u010devine za barvanje so obi\u010dajno manj primerne za cinkanje in pu\u0161\u010dajo vizualno slab\u0161e rezultate.<\/p>\n<p><strong>9.<\/strong> Plamensko rezanje plo\u010devine, rezanje s plazmo ali laserjem spremeni strukturo povr\u0161ine jekla.Zato so lahko tam debeline nanosa precej manj\u0161e &#8211; premajhne, na ostrih robovih pa je oprijemljivost cinkove prevleke izredno slaba \u2013 lu\u0161\u010denje (EN ISO 14713-2). Izdelovalec mora zaradi tega rezane povr\u0161ine pobrusiti, robove pa posneti. V kolikor to ni izvedeno, izvajalec pocinkanja ne priznava reklamacije zaradi lu\u0161\u010denja cinka na robovih in premalo debeline prevleke na rezanih povr\u0161inah.<\/p>\n<p><strong>10.<\/strong> Konstrukcije morajo biti, skladno s splo\u0161nimi pogoji, opremljene z izvrtinami za izhod zraka in iztok cinka iz vseh cevi, zaprtih kotov in \u017eepov. Vsaka cev mora biti odzra\u010dena dvakrat: tik ob zvaru zgoraj in spodaj oz. levo in desno. Izvrtini sta med seboj v diagonalni liniji cevi, njihova velikost mora odgovarjati tabeli izvrtin. Zaprti prostori med dvema popolnoma zavarjenima ploskvama morajo biti odzra\u010deni. Konstrukcija, cev ali profil morajo imeti mo\u017enost obe\u0161anja (izvrtine, u\u0161esa,&#8230;). Primeri so prikazani pri pripravi elementov za galvansko cinkanje. V primeru \u00bbskritih\u00ab izvrtin mora naro\u010dnik pisno potrditi, da so vse opravljene. V kolikor niste prepri\u010dani za lokacijo lukenj za obe\u0161anje, priporo\u010damo, da nam po\u0161ljete risbe in lokacije, kjer so luknje<br \/>dovoljene. Na mestih, na katerih se kosi stikajo z obe\u0161alom, se obi\u010dajno pozna sled, ki ne more biti vzrok za reklamacijo.<\/p>\n<p><strong>11.<\/strong> Varjeni kosi, ki imajo sledove \u0161kaje, korozije ali oksida, se na tistih mestih ne bodo ustrezno pocinkali oz. bo izgled povr\u0161ine na tistih mestih druga\u010den. Priporo\u010damo enak dodajni material kot je substrat. Po va\u0161i predhodni zahtevi lahko tak\u0161ne kose za\u0161\u010ditimo s cinkom v spreju. Priporo\u010damo \u010di\u0161\u010denje zvarnih mest pred varjenjem. V tem primeru reklamacije ne upo\u0161tevamo, lahko pa taka podro\u010dja za\u0161\u010ditimo s cinkom v spreju proti pla\u010dilu.<\/p>\n<p><strong>12.<\/strong> Priporo\u010damo, da se gibljivi sestavi cinkajo lo\u010deno, saj obi\u010dajno nanos cinka na tekalnih legah ni mogo\u010d. Kasneje lahko iz spojev iztekajo procesne teko\u010dine.<\/p>\n<p><strong>13.<\/strong> Zvari morajo biti ne porozni, zaklju\u010deni in brez varilne \u0161kaje. V nasprotnem primeru so ta mesta nepocinkana in lahko iz njih naknadno izteka kislina (rja), na kar izvajalec pocinkanja ne more vplivati, zato reklamacije ne priznava.<\/p>\n<p><strong>14.<\/strong> Dve plo\u010devini oz. profila, ki nalegata ploskovno eden na drugega, tvorita zaprt prostor. Tja cink ne pride, pride pa drugi medij (teko\u010dine). Te notranje povr\u0161ine zato ostanejo nepocinkane. Ne glede na to, ali sta ploskvi med sabo popolnoma ali delno zvarjeni, lahko iz njiju v nekaj dneh po pocinkanju izte\u010dejo rjavi made\u017ei. Ker ne gre za napako pri cinkanju, mora rjave made\u017ee odstraniti naro\u010dnik cinkanja (z ustrezno krta\u010do).<\/p>\n<p><strong>15.<\/strong> Pri dostavi obdelovancev morajo stranke dostaviti naro\u010dilnico, ki vsebuje podatek o zahtevani obdelavi, zahtevi po roku obdelave, prevzemni kontakt, podatke o podjetju, elektronski naslov za fakturiranje, seznam obdelovancev ter pripadajo\u010de tehni\u010dne risbe. V primeru, da stranka ne dostavi ustrezne dokumentacija, si podjetje Galvanotehnika pridr\u017euje pravico zara\u010dunati administrativne stro\u0161ke v zvezi s pripravo interne naro\u010dilnice za obdelavo obdleovancev.<\/p>\n<p><strong>16.<\/strong> V primeru posebnih zahtev glede debeline nanosa, vrste pasivacije, kon\u010dnega izgleda itd. mora naro\u010dnik o tem pravo\u010dasno obvestiti izvajalca cinkanja, se z njim posvetovati in na naro\u010dilnici navesti \u017eeljene zahteve in standard cinkanja (npr. Fe\/Zn5\/B).<\/p>\n<p><strong>17.<\/strong> V kolikor gre za obdelovanec, za katerega se odredi poseben tehnolo\u0161ki postopek obdelave, bo o tem <strong>GALVANOTEHNIKA d.o.o.<\/strong> obvestila naro\u010dnika, da ta v naziv doti\u010dnih artiklov doda oznako (PO*). Primer pravilnega zapisa: 17655 Bolzen Fe\/Zn5\/B (PO*).<\/p>\n<p><strong>18<\/strong>. V kolikor se bo zahteval merilni protokol debeline prevleke, mora naro\u010dnik podati zahtevo na naro\u010dilnici cinkanja. Posebne zahteve glede embaliranja ali na\u010dina skladi\u0161\u010denja morajo biti zapisane na naro\u010dilnici.<\/p>\n<p><strong>19.<\/strong> Konstrukcije s te\u010daji in drsnimi elementi se cinkajo v razstavljeni izvedbi.<\/p>\n<p><strong>20.<\/strong> Po cinkanju, hladno ali vro\u010de preoblikovanje ni dovoljeno, ker se cinkova prevleka trajno<br \/>po\u0161koduje.<\/p>\n<p><strong>21.<\/strong> V kolikor so elementi po cinkanju namenjeni barvanju, mora naro\u010dnik to zapisati na naro\u010dilnici.<br \/>Prav tako se z <strong>GALVANOTEHNIKO<\/strong> posvetuje oz. ji prepove popravilo nepocinkanih mest s cinkom v spreju, kar lahko premazu onemogo\u010di zadosten oprijem. V kolikor so izdelki po cinkanju namenjeni barvanju, priporo\u010damo cink brez pasivacije, ki je sicer slab\u0161ega izgleda, vendar ima bolj\u0161o oprijemljivost barve.<\/p>\n<p><strong>22.<\/strong> Reklamacijo v primeru izgube obdelovancev upo\u0161tevamo zgolj v primeru, da so bili vsi dostavljeni deli navedeni na naro\u010dilnici, koli\u010dina pa je bila potrjena s podpisom va\u0161ega \u0161oferja in na\u0161ega prevzemnika. Za manj\u0161e strojne dele predlagamo, da so povezani z bakreno \u017eico.<\/p>\n<p><strong>23.<\/strong> Pri dostavi artiklov za bobensko obdelavo prosimo, upo\u0161tevajte MOQ, ki zna\u0161a 60 kg. V primeru manj\u0161ih koli\u010din bodo te morale biti obdelane in prebrane skupaj z obdelovanci drugih strank, za kar bo potrebno prebiranje proti pla\u010dilu po rednem ceniku.<\/p>\n<p><strong>24.<\/strong> Minimalna vrednost ra\u010duna za galvansko obdelavo cinkanja na obe\u0161alih in v bobnih je dolo\u010dena skladno z aktualnim cenikom podjetja <strong>GALVANOTEHNIKA d.o.o.<\/strong><\/p>\n<p><strong>25<\/strong>. Vse obdelave se obra\u010dunajo skladno z aktualnim cenikom podjetja <strong>GALVANOTEHNIKA d.o.o.<\/strong>, razen \u010de s stranko ne obstaja druga\u010den pisni dogovor.<\/p>\n<p><strong>26.<\/strong> Po\u0161iljke, prispele na cinkanje, morajo biti pravilno paletizirane tako, da je mo\u017eno razkladanje z vili\u010darjem (ro\u010dne manipulacije ne izvajamo), ne da bi se elementi lahko po\u0161kodovali. Da bi se prepre\u010dilo drgnjenje ali lu\u0161\u010denje prevleke, predvsem na ostrih robovih te\u017ekih elementov, mora naro\u010dnik poskrbeti za ustrezno podlaganje s kartoni ali de\u0161\u010dicami. V primeru slabo izvedene paletizacije lahko pride kasneje med transportom do po\u0161kodb elementov za katere <strong>GALAVNOTEHNIKA d.o.o.<\/strong> ne odgovarja.<\/p>\n<p><strong>27.<\/strong> Rok za reklamacijo\u00a0 je 8 dni po prevzemu izdelkov, za mehanske po\u0161kodbe pa na licu mesta prevzema v podjetju <strong>GALVANOTEHNIKA d.o.o.<\/strong>. Informacija o reklamaciji mora vsebovati \u0161tevilko naro\u010dila, \u0161tevilko odpremnice, podatke o kodi in nazivu artikla, koli\u010dini reklamiranega artikla, opis neskladnosti in fotografijo neskladnosti. <strong>GALVANOTEHNIKA d.o.o<\/strong>. ne sprejema odgovornosti<br \/>za kakovost artikla po izvedenih nadaljnjih operacijah v kup\u010devem proizvodnem procesu po<br \/>storitvi povr\u0161inske za\u0161\u010dite.<\/p>\n<p><strong>28. GALVANOTEHNIKA d.o.o.<\/strong> si pridr\u017euje pravico do izdelave odprtin, brez katerih galvansko cinkanje ne bi bilo mo\u017eno izvesti. Izvrtine in dodatna dela se zara\u010dunavajo po veljavnem ceniku.<\/p>\n<p><strong>29.<\/strong> V kolikor je do zamude storitve pri\u0161lo zaradi stanja elementov ali tehnolo\u0161ke priprave le-teh (ustreznost slednjih pa zavisi od naro\u010dnika), GALVANOTEHNIKA d.o.o. ne priznava morebitnih zamudnih penalov.<\/p>\n<p><strong>30.<\/strong> Dobavni rok za povr\u0161insko obdelavo je <strong>5 delovnih dni, <\/strong>\u010de ni dogovorjeno druga\u010de.<\/p>\n<p><strong>31<\/strong>. Za po\u0161iljko, ki ni prevzeta v 14 dneh od dneva fakturiranja, zara\u010dunavamo dnevno le\u017earino 1,00 EUR + DDV \/100 kg. Za ve\u010d tehni\u010dnih informacij se obrnite na e-naslov: <strong>info@galvanotehnika.eu<\/strong> ali na<br \/><strong>tel. 01 831 24 70.<\/strong><\/p>\n<p><strong>32<\/strong>. Zapadle oz. nepla\u010dane fakture avtomatsko naro\u010dilo postavijo na konec vrstnega reda plana obdelav ter gredo v izdelavo po poravnavi zapadlih obveznosti. Zara\u010dunavamo stro\u0161ke opominjanja in stro\u0161ke zamudnih obresti.<\/p>\n<p><strong>33.<\/strong> V primeru, da ni nobenega podpisanega protokola, pogodbe ali dokumenta, ki bi definiral druga\u010de kot je zapisano v splo\u0161nih pogojih, se oddano naro\u010dilo smatra kot soglasje k vsem zgoraj zapisanim to\u010dkam pogojev poslovanja.<\/p>\n<p><strong>34<\/strong>. \u010ce ni dogovorjeno druga\u010de, je veljavnost ponudb 30 dni.<\/p>\n<p><strong>35. <\/strong>Izrecno zavra\u010damo uporabo kakr\u0161nihkoli splo\u0161nih pogojev poslovanja kupca, ne glede na to, ali so navedeni na naro\u010dilnici, objavljeni na spletnih straneh kupca ali druga\u010de sporo\u010deni. Vse morebitne pogoje kupca, ki niso predhodno pisno in izrecno potrjeni s strani dru\u017ebe GALVANOTEHNIKA d.o.o., \u0161tejemo za neveljavne in neobvezujo\u010de. Za re\u0161evanje morebitnih sporov je izklju\u010dno pristojno stvarno pristojno sodi\u0161\u010de po sede\u017eu dru\u017ebe GALVANOTEHNIKA d.o.o. Arbitra\u017ene klavzule se izrecno izklju\u010dujejo. Za pravno razmerje med dru\u017ebo GALVANOTEHNIKA d.o.o. in kupcem velja pravo Republike Slovenije.<\/p>\n<p><strong>36. <\/strong>Minimalna vrednost naro\u010dila je definirana v ceniku splo\u0161nih storitev.<\/p>\n<p><strong>37.<\/strong> Za cenik splo\u0161nih storitev nas prosim kontaktirajte. Cene se praviloma usklajujejo s stopnjo inflacije.<\/p>\n<p>&nbsp;<\/p>\n<p>[\/et_pb_text][\/et_pb_column][\/et_pb_row][et_pb_row _builder_version=&#8221;4.14.8&#8243; _module_preset=&#8221;default&#8221; global_colors_info=&#8221;{}&#8221;][et_pb_column type=&#8221;4_4&#8243; _builder_version=&#8221;4.14.8&#8243; _module_preset=&#8221;default&#8221; global_colors_info=&#8221;{}&#8221;][et_pb_text _builder_version=&#8221;4.14.8&#8243; header_font=&#8221;||||||||&#8221; header_2_font=&#8221;Rubik|700|||||||&#8221; header_2_text_color=&#8221;#1c75bc&#8221; header_2_font_size=&#8221;42px&#8221; header_2_line_height=&#8221;1.2em&#8221; header_4_font=&#8221;Rubik||||||||&#8221; header_4_font_size=&#8221;28px&#8221; header_4_line_height=&#8221;1.4em&#8221; header_2_font_size_tablet=&#8221;&#8221; header_2_font_size_phone=&#8221;36px&#8221; header_2_font_size_last_edited=&#8221;on|phone&#8221; global_colors_info=&#8221;{}&#8221;]<\/p>\n<h2>PRIPRAVA ELEMENTOV ZA GALVANSKO CINKANJE<\/h2>\n<p>[\/et_pb_text][\/et_pb_column][\/et_pb_row][et_pb_row _builder_version=&#8221;4.14.8&#8243; _module_preset=&#8221;default&#8221; global_colors_info=&#8221;{}&#8221;][et_pb_column type=&#8221;4_4&#8243; _builder_version=&#8221;4.14.8&#8243; _module_preset=&#8221;default&#8221; global_colors_info=&#8221;{}&#8221;][et_pb_text _builder_version=&#8221;4.14.8&#8243; header_font=&#8221;||||||||&#8221; header_2_font=&#8221;Rubik|700|||||||&#8221; header_2_text_color=&#8221;#1c75bc&#8221; header_2_font_size=&#8221;42px&#8221; header_2_line_height=&#8221;1.2em&#8221; header_4_font=&#8221;Rubik||||||||&#8221; header_4_font_size=&#8221;28px&#8221; header_4_line_height=&#8221;1.4em&#8221; header_2_font_size_tablet=&#8221;&#8221; header_2_font_size_phone=&#8221;36px&#8221; header_2_font_size_last_edited=&#8221;on|phone&#8221; global_colors_info=&#8221;{}&#8221;]<\/p>\n<h2>PRIPRAVA ELEMENTOV ZA GALVANSKO CINKANJE<\/h2>\n<p>[\/et_pb_text][\/et_pb_column][\/et_pb_row][et_pb_row column_structure=&#8221;1_2,1_2&#8243; _builder_version=&#8221;4.14.8&#8243; _module_preset=&#8221;default&#8221; global_colors_info=&#8221;{}&#8221;][et_pb_column type=&#8221;1_2&#8243; _builder_version=&#8221;4.14.8&#8243; _module_preset=&#8221;default&#8221; global_colors_info=&#8221;{}&#8221;][et_pb_text _builder_version=&#8221;4.14.8&#8243; _module_preset=&#8221;default&#8221; text_font_size=&#8221;17px&#8221; global_colors_info=&#8221;{}&#8221;]<\/p>\n<p>\u2022 Razlogi za postavljanje odprtin za odzra\u010devanje in odtekanje teko\u010din:<\/p>\n<p>[\/et_pb_text][et_pb_image src=&#8221;https:\/\/www.galvanotehnika.eu\/wp-content\/uploads\/2024\/05\/splosni-pogoji-poslovanja-27.5_2.jpg&#8221; title_text=&#8221;splo\u0161ni pogoji poslovanja 27.5_2&#8243; _builder_version=&#8221;4.14.8&#8243; _module_preset=&#8221;default&#8221; global_colors_info=&#8221;{}&#8221;][\/et_pb_image][\/et_pb_column][et_pb_column type=&#8221;1_2&#8243; _builder_version=&#8221;4.14.8&#8243; _module_preset=&#8221;default&#8221; global_colors_info=&#8221;{}&#8221;][et_pb_image src=&#8221;https:\/\/www.galvanotehnika.eu\/wp-content\/uploads\/2024\/05\/splosni-pogoji-poslovanja-27.5.jpg&#8221; title_text=&#8221;splo\u0161ni pogoji poslovanja 27.5&#8243; _builder_version=&#8221;4.14.8&#8243; _module_preset=&#8221;default&#8221; global_colors_info=&#8221;{}&#8221;][\/et_pb_image][\/et_pb_column][\/et_pb_row][\/et_pb_section][et_pb_section fb_built=&#8221;1&#8243; _builder_version=&#8221;4.14.8&#8243; _module_preset=&#8221;default&#8221; min_height=&#8221;269.1px&#8221; global_colors_info=&#8221;{}&#8221;][et_pb_row _builder_version=&#8221;4.14.8&#8243; _module_preset=&#8221;default&#8221; global_colors_info=&#8221;{}&#8221;][et_pb_column type=&#8221;4_4&#8243; _builder_version=&#8221;4.14.8&#8243; _module_preset=&#8221;default&#8221; global_colors_info=&#8221;{}&#8221;][et_pb_text _builder_version=&#8221;4.14.8&#8243; _module_preset=&#8221;default&#8221; text_font_size=&#8221;17px&#8221; global_colors_info=&#8221;{}&#8221;]<\/p>\n<p>\u2022 Zunanje plo\u0161\u010de, oja\u010ditvene plo\u0161\u010de in rebra na stebrih in gredeh ter oporniki v votlih predelih morajo imeti vogalne izseke. Njihova velikost mora biti \u010dim ve\u010dja \u2013 tolik\u0161na kolikor dovoljuje konstrukcija elementov. \u010ce je okrog izseka potrebno variti, je za\u017eeljen radiusni izsek, ker ta olaj\u0161a nadaljevanje zvara na drugo stran. Okrogle odprtine so manj u\u010dinkovite; \u010de se uporabljajo, morajo biti \u010dim bli\u017eje vogalov oz. robov. V primeru nejasnosti se je priporo\u010dljivo glede njihove velikosti predhodno posvetovati z podjetjem.<\/p>\n<p>[\/et_pb_text][\/et_pb_column][\/et_pb_row][\/et_pb_section]<\/p>\n","protected":false},"excerpt":{"rendered":"<p>6SPLO\u0160NI IN TEHNI\u010cNI POGOJI GALVANSKEGA CINKANJA 09\/03\/2026&nbsp; 1. GALVANOTEHNIKA d.o.o. izvaja storitve hladnega cinkanja \u017eeleznih oz. jeklenih elementov, ki so lahko tudi kaljeni oz. povr\u0161insko utrjeni (po standardu ISO 19598).\u00a0 2. Elementi oz. konstrukcije morajo biti pripravljeni v skladu s splo\u0161nimi pogoji na uradni spletni strani podjetja.3. Maksimalna te\u017ea posameznega elementa lahko zna\u0161a 250 kg, [&hellip;]<\/p>\n","protected":false},"author":1,"featured_media":0,"parent":0,"menu_order":0,"comment_status":"closed","ping_status":"closed","template":"","meta":{"_et_pb_use_builder":"on","_et_pb_old_content":"","_et_gb_content_width":""},"_links":{"self":[{"href":"https:\/\/www.galvanotehnika.eu\/index.php\/wp-json\/wp\/v2\/pages\/262"}],"collection":[{"href":"https:\/\/www.galvanotehnika.eu\/index.php\/wp-json\/wp\/v2\/pages"}],"about":[{"href":"https:\/\/www.galvanotehnika.eu\/index.php\/wp-json\/wp\/v2\/types\/page"}],"author":[{"embeddable":true,"href":"https:\/\/www.galvanotehnika.eu\/index.php\/wp-json\/wp\/v2\/users\/1"}],"replies":[{"embeddable":true,"href":"https:\/\/www.galvanotehnika.eu\/index.php\/wp-json\/wp\/v2\/comments?post=262"}],"version-history":[{"count":19,"href":"https:\/\/www.galvanotehnika.eu\/index.php\/wp-json\/wp\/v2\/pages\/262\/revisions"}],"predecessor-version":[{"id":366,"href":"https:\/\/www.galvanotehnika.eu\/index.php\/wp-json\/wp\/v2\/pages\/262\/revisions\/366"}],"wp:attachment":[{"href":"https:\/\/www.galvanotehnika.eu\/index.php\/wp-json\/wp\/v2\/media?parent=262"}],"curies":[{"name":"wp","href":"https:\/\/api.w.org\/{rel}","templated":true}]}}